{"id":3,"date":"2020-07-31T16:33:59","date_gmt":"2020-07-31T16:33:59","guid":{"rendered":"https:\/\/skydaz.site\/?page_id=3"},"modified":"2022-05-30T00:21:21","modified_gmt":"2022-05-29T21:21:21","slug":"privacy-policy","status":"publish","type":"page","link":"https:\/\/skydaz.com.tr\/tr\/privacy-policy\/","title":{"rendered":"Gizlilik Politikas\u0131"},"content":{"rendered":"<div class=\"entry-content clearfix\">\n<hr \/>\n<p>Burada Skydaz'da gizlili\u011finize b\u00fcy\u00fck sayg\u0131 duyuyoruz ve kullan\u0131c\u0131lar\u0131m\u0131z\u0131n bizimle payla\u015ft\u0131klar\u0131 bilgilerin 0 g\u00fcvenli ve \u00f6zel oldu\u011funu d\u00fc\u015f\u00fcnd\u00fcklerini umuyoruz. Gizlili\u011finizi ve b\u00fct\u00fcnl\u00fc\u011f\u00fcm\u00fcz\u00fc sa\u011flamak i\u00e7in Skydaz'da takip etti\u011fimiz kurallar \u015funlard\u0131r:<\/p>\n<h2>E-posta<\/h2>\n<p>E-postan\u0131z\u0131 asla \u00fc\u00e7\u00fcnc\u00fc taraflarla payla\u015fmayaca\u011f\u0131z. Sadece yorumlar\u0131n\u0131z\u0131 ve \/ veya \u00f6nerilerinizi ve bazen devre d\u0131\u015f\u0131 b\u0131rakabilece\u011finiz \u00f6nemli haberleri ve duyurular\u0131 yan\u0131tlamak i\u00e7in kullan\u0131lacakt\u0131r.<\/p>\n<h2>\u015eifreler<\/h2>\n<p>Skydaz personeli asla \u015fifrenizi sormaz. Birisi \u015fifrenizi veya di\u011fer bilgilerinizi sorarsa, l\u00fctfen hemen bize bildirin.<\/p>\n<h2>G\u00fcnl\u00fck Dosyalar\u0131<\/h2>\n<p>E\u011filimleri analiz etmek, siteyi y\u00f6netmek, kullan\u0131c\u0131n\u0131n hareketini izlemek ve toplu kullan\u0131m i\u00e7in geni\u015f demografik bilgiler toplamak i\u00e7in IP adreslerini kullan\u0131yoruz. IP adresleri ki\u015fisel olarak tan\u0131mlanabilir bilgilerle ba\u011flant\u0131l\u0131 de\u011fildir.<\/p>\n<h2>Ba\u011flant\u0131lar<\/h2>\n<p>Bu web sitesi di\u011fer sitelere ba\u011flant\u0131lar i\u00e7erir. Skydaz'\u0131n bu t\u00fcr di\u011fer sitelerin gizlilik uygulamalar\u0131ndan sorumlu olmad\u0131\u011f\u0131n\u0131 l\u00fctfen unutmay\u0131n. Kullan\u0131c\u0131lar\u0131m\u0131z\u0131 sitemizden ayr\u0131ld\u0131klar\u0131nda haberdar olmaya ve ki\u015fisel olarak tan\u0131mlanabilir bilgileri toplayan her web sitesinin gizlilik bildirimlerini okumaya te\u015fvik ediyoruz. Bu gizlilik bildirimi yaln\u0131zca bu web sitesi taraf\u0131ndan toplanan bilgilere uygulan\u0131r.<\/p>\n<h2>Reklam<\/h2>\n<p>Web sitemizi ziyaret etti\u011finizde reklam yay\u0131nlamak i\u00e7in \u00fc\u00e7\u00fcnc\u00fc taraf reklam \u015firketlerini kullan\u0131yoruz. Bu \u015firketler, ilginizi \u00e7eken mal ve hizmetler hakk\u0131nda reklam sa\u011flamak i\u00e7in bu ve di\u011fer web sitelerine yapt\u0131\u011f\u0131n\u0131z ziyaretler hakk\u0131nda bilgileri (ad\u0131n\u0131z, adresiniz, e-posta adresiniz veya telefon numaran\u0131z dahil de\u011fil) kullanabilir.<\/p>\n<p>Bu uygulama hakk\u0131nda daha fazla bilgi edinmek ve bu bilgilerin bu \u015firketler taraf\u0131ndan kullan\u0131lmamas\u0131yla ilgili se\u00e7imlerinizi bilmek istiyorsan\u0131z,\u00a0<a title=\"A\u011f Reklamc\u0131l\u0131\u011f\u0131\" href=\"http:\/\/web.archive.org\/web\/20150905073608\/http:\/\/www.networkadvertising.org\/\">buraya t\u0131klay\u0131n<\/a>. Bir \u00fc\u00e7\u00fcnc\u00fc taraf sat\u0131c\u0131n\u0131n ilgi alan\u0131na dayal\u0131 reklamc\u0131l\u0131k i\u00e7in \u00e7erez kullan\u0131m\u0131n\u0131 ziyaret ederek devre d\u0131\u015f\u0131 b\u0131rakabilirsiniz\u00a0<a href=\"http:\/\/web.archive.org\/web\/20150905073608\/http:\/\/www.aboutads.info\/\" target=\"_blank\" rel=\"noopener\">aboutads.info<\/a><\/p>\n<h2>De\u011fi\u015fikliklerin Bildirilmesi<\/h2>\n<p>Gizlilik Politikam\u0131z\u0131 de\u011fi\u015ftirmeye karar verirsek, bu de\u011fi\u015fiklikleri haberlerde yay\u0131nlayaca\u011f\u0131z, b\u00f6ylece kullan\u0131c\u0131lar\u0131m\u0131z\u0131n her zaman toplad\u0131\u011f\u0131m\u0131z\u0131, nas\u0131l kulland\u0131\u011f\u0131m\u0131z\u0131 ve ko\u015fullar alt\u0131nda, varsa, bunu a\u00e7\u0131klar\u0131z. Herhangi bir noktada, ki\u015fisel olarak tan\u0131mlanabilir bilgileri, topland\u0131\u011f\u0131 s\u0131rada belirtilenden farkl\u0131 bir \u015fekilde kullanmaya karar veririz, kullan\u0131c\u0131lara bir e-posta yoluyla bilgilendirece\u011fiz. Kullan\u0131c\u0131lar, bilgilerini bu farkl\u0131 \u015fekilde kullan\u0131p kullanmayaca\u011f\u0131z konusunda bir se\u00e7ene\u011fe sahip olacaklar. Bilgilerin toplanaca\u011f\u0131 gizlilik politikas\u0131na uygun olarak bilgileri kullanaca\u011f\u0131z.<\/p>\n<h2>Son Notlar<\/h2>\n<p>Skydaz.site hi\u00e7bir zaman, hi\u00e7bir ko\u015fulda IP adresinizi \u00fc\u00e7\u00fcnc\u00fc taraflara vermez veya g\u00f6stermez. Ayr\u0131ca, Skydaz hi\u00e7bir zaman e-posta adreslerini veya di\u011fer ki\u015fisel tan\u0131mlay\u0131c\u0131lar\u0131 3.taraflara satmaz veya iletmez.<br \/>\nGizlilik politikam\u0131zla ilgili herhangi bir sorunuz varsa, l\u00fctfen bizimle\u00a0<a href=\"https:\/\/skydaz.online\/contact-skydaz\/\">ileti\u015fime\u00a0<\/a>ge\u00e7mekten \u00e7ekinmeyin! \u0130\u015fbirli\u011finiz i\u00e7in te\u015fekk\u00fcrler.<\/p>\n<\/div>","protected":false},"excerpt":{"rendered":"<p>We here at Skydaz greatly respect your privacy and we hope that our users feel that the information they share with us is 100% secure and private. Here are the [&hellip;]<\/p>","protected":false},"author":1,"featured_media":242,"parent":0,"menu_order":0,"comment_status":"closed","ping_status":"open","template":"","meta":[],"yoast_head":"<!-- This site is optimized with the Yoast SEO plugin v18.9 - https:\/\/yoast.com\/wordpress\/plugins\/seo\/ -->\n<title>Privacy Policy<\/title>\n<meta name=\"description\" content=\"We here at Skydaz greatly respect your privacy and we hope that our users feel that the information they share with us is 100% secure and private.\" \/>\n<meta name=\"robots\" content=\"index, follow, max-snippet:-1, max-image-preview:large, max-video-preview:-1\" \/>\n<link rel=\"canonical\" href=\"https:\/\/skydaz.com.tr\/tr\/privacy-policy\/\" \/>\n<meta property=\"og:locale\" content=\"tr_TR\" \/>\n<meta property=\"og:type\" content=\"article\" \/>\n<meta property=\"og:title\" content=\"Privacy Policy\" \/>\n<meta property=\"og:description\" content=\"We here at Skydaz greatly respect your privacy and we hope that our users feel that the information they share with us is 100% secure and private.\" \/>\n<meta property=\"og:url\" content=\"https:\/\/skydaz.com.tr\/tr\/privacy-policy\/\" \/>\n<meta property=\"og:site_name\" content=\"Skydaz\" \/>\n<meta property=\"article:publisher\" content=\"https:\/\/facebook.com\/BartuAbiHD\" \/>\n<meta property=\"article:modified_time\" content=\"2022-05-29T21:21:21+00:00\" \/>\n<meta property=\"og:image\" content=\"https:\/\/skydaz.com.tr\/wp-content\/uploads\/2022\/05\/Privacy-Policy.png\" \/>\n\t<meta property=\"og:image:width\" content=\"744\" \/>\n\t<meta property=\"og:image:height\" content=\"492\" \/>\n\t<meta property=\"og:image:type\" content=\"image\/png\" \/>\n<meta name=\"twitter:card\" content=\"summary_large_image\" \/>\n<meta name=\"twitter:site\" content=\"@skydazofficial\" \/>\n<meta name=\"twitter:label1\" content=\"Tahmini okuma s\u00fcresi\" \/>\n\t<meta name=\"twitter:data1\" content=\"2 dakika\" \/>\n<script type=\"application\/ld+json\" class=\"yoast-schema-graph\">{\"@context\":\"https:\/\/schema.org\",\"@graph\":[{\"@type\":[\"Person\",\"Organization\"],\"@id\":\"https:\/\/skydaz.com.tr\/tr\/#\/schema\/person\/f040c8a3cec8a380f6b5a33bbeeb86c9\",\"name\":\"BartuAbiHD\",\"image\":{\"@type\":\"ImageObject\",\"inLanguage\":\"tr\",\"@id\":\"https:\/\/skydaz.com.tr\/tr\/#\/schema\/person\/image\/\",\"url\":\"https:\/\/skydaz.com.tr\/wp-content\/uploads\/2020\/08\/bartuabihd-pp-115x115.png\",\"contentUrl\":\"https:\/\/skydaz.com.tr\/wp-content\/uploads\/2020\/08\/bartuabihd-pp-115x115.png\",\"caption\":\"BartuAbiHD\"},\"logo\":{\"@id\":\"https:\/\/skydaz.com.tr\/tr\/#\/schema\/person\/image\/\"},\"sameAs\":[\"https:\/\/facebook.com\/BartuAbiHD\",\"https:\/\/www.youtube.com\/channel\/UCHDqSqBMki-4LYZDcEK57Iw\"]},{\"@type\":\"WebSite\",\"@id\":\"https:\/\/skydaz.com.tr\/tr\/#website\",\"url\":\"https:\/\/skydaz.com.tr\/tr\/\",\"name\":\"Skydaz\",\"description\":\"Minecraft Installers, Tools, Mods, Maps &amp; Textures\",\"publisher\":{\"@id\":\"https:\/\/skydaz.com.tr\/tr\/#\/schema\/person\/f040c8a3cec8a380f6b5a33bbeeb86c9\"},\"potentialAction\":[{\"@type\":\"SearchAction\",\"target\":{\"@type\":\"EntryPoint\",\"urlTemplate\":\"https:\/\/skydaz.com.tr\/tr\/?s={search_term_string}\"},\"query-input\":\"required name=search_term_string\"}],\"inLanguage\":\"tr\"},{\"@type\":\"ImageObject\",\"inLanguage\":\"tr\",\"@id\":\"https:\/\/skydaz.com.tr\/privacy-policy\/#primaryimage\",\"url\":\"https:\/\/skydaz.com.tr\/wp-content\/uploads\/2022\/05\/Privacy-Policy.png\",\"contentUrl\":\"https:\/\/skydaz.com.tr\/wp-content\/uploads\/2022\/05\/Privacy-Policy.png\",\"width\":744,\"height\":492},{\"@type\":\"WebPage\",\"@id\":\"https:\/\/skydaz.com.tr\/privacy-policy\/#webpage\",\"url\":\"https:\/\/skydaz.com.tr\/privacy-policy\/\",\"name\":\"Privacy Policy\",\"isPartOf\":{\"@id\":\"https:\/\/skydaz.com.tr\/tr\/#website\"},\"primaryImageOfPage\":{\"@id\":\"https:\/\/skydaz.com.tr\/privacy-policy\/#primaryimage\"},\"datePublished\":\"2020-07-31T16:33:59+00:00\",\"dateModified\":\"2022-05-29T21:21:21+00:00\",\"description\":\"We here at Skydaz greatly respect your privacy and we hope that our users feel that the information they share with us is 100% secure and private.\",\"breadcrumb\":{\"@id\":\"https:\/\/skydaz.com.tr\/privacy-policy\/#breadcrumb\"},\"inLanguage\":\"tr\",\"potentialAction\":[{\"@type\":\"ReadAction\",\"target\":[\"https:\/\/skydaz.com.tr\/privacy-policy\/\"]}]},{\"@type\":\"BreadcrumbList\",\"@id\":\"https:\/\/skydaz.com.tr\/privacy-policy\/#breadcrumb\",\"itemListElement\":[{\"@type\":\"ListItem\",\"position\":1,\"name\":\"Anasayfa\",\"item\":\"https:\/\/skydaz.com.tr\/tr\/\"},{\"@type\":\"ListItem\",\"position\":2,\"name\":\"Privacy Policy\"}]}]}<\/script>\n<!-- \/ Yoast SEO plugin. -->","yoast_head_json":{"title":"Privacy Policy","description":"We here at Skydaz greatly respect your privacy and we hope that our users feel that the information they share with us is 100% secure and private.","robots":{"index":"index","follow":"follow","max-snippet":"max-snippet:-1","max-image-preview":"max-image-preview:large","max-video-preview":"max-video-preview:-1"},"canonical":"https:\/\/skydaz.com.tr\/tr\/privacy-policy\/","og_locale":"tr_TR","og_type":"article","og_title":"Privacy Policy","og_description":"We here at Skydaz greatly respect your privacy and we hope that our users feel that the information they share with us is 100% secure and private.","og_url":"https:\/\/skydaz.com.tr\/tr\/privacy-policy\/","og_site_name":"Skydaz","article_publisher":"https:\/\/facebook.com\/BartuAbiHD","article_modified_time":"2022-05-29T21:21:21+00:00","og_image":[{"width":744,"height":492,"url":"https:\/\/skydaz.com.tr\/wp-content\/uploads\/2022\/05\/Privacy-Policy.png","type":"image\/png"}],"twitter_card":"summary_large_image","twitter_site":"@skydazofficial","twitter_misc":{"Tahmini okuma s\u00fcresi":"2 dakika"},"schema":{"@context":"https:\/\/schema.org","@graph":[{"@type":["Person","Organization"],"@id":"https:\/\/skydaz.com.tr\/tr\/#\/schema\/person\/f040c8a3cec8a380f6b5a33bbeeb86c9","name":"BartuAbiHD","image":{"@type":"ImageObject","inLanguage":"tr","@id":"https:\/\/skydaz.com.tr\/tr\/#\/schema\/person\/image\/","url":"https:\/\/skydaz.com.tr\/wp-content\/uploads\/2020\/08\/bartuabihd-pp-115x115.png","contentUrl":"https:\/\/skydaz.com.tr\/wp-content\/uploads\/2020\/08\/bartuabihd-pp-115x115.png","caption":"BartuAbiHD"},"logo":{"@id":"https:\/\/skydaz.com.tr\/tr\/#\/schema\/person\/image\/"},"sameAs":["https:\/\/facebook.com\/BartuAbiHD","https:\/\/www.youtube.com\/channel\/UCHDqSqBMki-4LYZDcEK57Iw"]},{"@type":"WebSite","@id":"https:\/\/skydaz.com.tr\/tr\/#website","url":"https:\/\/skydaz.com.tr\/tr\/","name":"Skydaz","description":"Minecraft Installers, Tools, Mods, Maps &amp; Textures","publisher":{"@id":"https:\/\/skydaz.com.tr\/tr\/#\/schema\/person\/f040c8a3cec8a380f6b5a33bbeeb86c9"},"potentialAction":[{"@type":"SearchAction","target":{"@type":"EntryPoint","urlTemplate":"https:\/\/skydaz.com.tr\/tr\/?s={search_term_string}"},"query-input":"required name=search_term_string"}],"inLanguage":"tr"},{"@type":"ImageObject","inLanguage":"tr","@id":"https:\/\/skydaz.com.tr\/privacy-policy\/#primaryimage","url":"https:\/\/skydaz.com.tr\/wp-content\/uploads\/2022\/05\/Privacy-Policy.png","contentUrl":"https:\/\/skydaz.com.tr\/wp-content\/uploads\/2022\/05\/Privacy-Policy.png","width":744,"height":492},{"@type":"WebPage","@id":"https:\/\/skydaz.com.tr\/privacy-policy\/#webpage","url":"https:\/\/skydaz.com.tr\/privacy-policy\/","name":"Privacy Policy","isPartOf":{"@id":"https:\/\/skydaz.com.tr\/tr\/#website"},"primaryImageOfPage":{"@id":"https:\/\/skydaz.com.tr\/privacy-policy\/#primaryimage"},"datePublished":"2020-07-31T16:33:59+00:00","dateModified":"2022-05-29T21:21:21+00:00","description":"We here at Skydaz greatly respect your privacy and we hope that our users feel that the information they share with us is 100% secure and private.","breadcrumb":{"@id":"https:\/\/skydaz.com.tr\/privacy-policy\/#breadcrumb"},"inLanguage":"tr","potentialAction":[{"@type":"ReadAction","target":["https:\/\/skydaz.com.tr\/privacy-policy\/"]}]},{"@type":"BreadcrumbList","@id":"https:\/\/skydaz.com.tr\/privacy-policy\/#breadcrumb","itemListElement":[{"@type":"ListItem","position":1,"name":"Anasayfa","item":"https:\/\/skydaz.com.tr\/tr\/"},{"@type":"ListItem","position":2,"name":"Privacy Policy"}]}]}},"_links":{"self":[{"href":"https:\/\/skydaz.com.tr\/tr\/wp-json\/wp\/v2\/pages\/3"}],"collection":[{"href":"https:\/\/skydaz.com.tr\/tr\/wp-json\/wp\/v2\/pages"}],"about":[{"href":"https:\/\/skydaz.com.tr\/tr\/wp-json\/wp\/v2\/types\/page"}],"author":[{"embeddable":true,"href":"https:\/\/skydaz.com.tr\/tr\/wp-json\/wp\/v2\/users\/1"}],"replies":[{"embeddable":true,"href":"https:\/\/skydaz.com.tr\/tr\/wp-json\/wp\/v2\/comments?post=3"}],"version-history":[{"count":6,"href":"https:\/\/skydaz.com.tr\/tr\/wp-json\/wp\/v2\/pages\/3\/revisions"}],"predecessor-version":[{"id":167,"href":"https:\/\/skydaz.com.tr\/tr\/wp-json\/wp\/v2\/pages\/3\/revisions\/167"}],"wp:featuredmedia":[{"embeddable":true,"href":"https:\/\/skydaz.com.tr\/tr\/wp-json\/wp\/v2\/media\/242"}],"wp:attachment":[{"href":"https:\/\/skydaz.com.tr\/tr\/wp-json\/wp\/v2\/media?parent=3"}],"curies":[{"name":"wp","href":"https:\/\/api.w.org\/{rel}","templated":true}]}}