{"id":2,"date":"2020-07-31T16:33:59","date_gmt":"2020-07-31T16:33:59","guid":{"rendered":"https:\/\/skydaz.site\/?page_id=2"},"modified":"2022-05-30T00:16:05","modified_gmt":"2022-05-29T21:16:05","slug":"terms-of-use","status":"publish","type":"page","link":"https:\/\/skydaz.com.tr\/tr\/terms-of-use\/","title":{"rendered":"Kullan\u0131m \u015eartlar\u0131"},"content":{"rendered":"<p>Bu web sitesi ile birlikte da\u011f\u0131t\u0131lan bilgiler, bu Kullan\u0131m Ko\u015fullar\u0131n\u0131, gizlilik politikam\u0131z\u0131 ve bu web sitesinde yay\u0131nlanan di\u011fer bildirimleri kabul etmeniz \u00fczerine size sunulmaktad\u0131r. Web sitesinin herhangi bir alan\u0131nda sunulan herhangi bir i\u00e7eri\u011fi kullanman\u0131z, bu Kullan\u0131m Ko\u015fullar\u0131n\u0131, gizlilik politikam\u0131z\u0131 ve bu web sitesinde yay\u0131nlanan di\u011fer bildirimleri kabul etti\u011finizi g\u00f6sterir. Yukar\u0131dakilerin hepsine ba\u011fl\u0131 kalmay\u0131 ve bunlara uymay\u0131 kabul etmiyorsan\u0131z, bilgilerimize veya web sitesi hizmetlerimize eri\u015femez veya kullanamazs\u0131n\u0131z. Kay\u0131tlar\u0131n\u0131z i\u00e7in bu belgelerin her birinin bir kopyas\u0131n\u0131 yazd\u0131rman\u0131z\u0131 \u00f6neririz.<\/p>\n<p>Skydaz, kendi takdirine ba\u011fl\u0131 olarak, bu kullan\u0131m ko\u015fullar\u0131n\u0131n herhangi bir \u015fart\u0131n\u0131 veya ko\u015fulunu size bildirimde bulunmadan veya sorumluluk almadan de\u011fi\u015ftirme, ekleme veya kald\u0131rma hakk\u0131na sahiptir. Bu Kullan\u0131m ko\u015fullar\u0131ndaki herhangi bir de\u011fi\u015fiklik, bu t\u00fcr de\u011fi\u015fikliklerin bu web sitesinde yay\u0131nlanmas\u0131ndan hemen sonra etkili olacakt\u0131r. Bu kullan\u0131m ko\u015fullar\u0131n\u0131n en son s\u00fcr\u00fcm\u00fc her zaman \/terms-of-use\/adresinde bulunabilir. Bu Kullan\u0131m Ko\u015fullar\u0131n\u0131 zaman zaman g\u00f6zden ge\u00e7irmeyi kabul edersiniz ve bu kullan\u0131m ko\u015fullar\u0131ndaki de\u011fi\u015fiklikleri takiben bu web sitesinin sizin taraf\u0131n\u0131zdan daha sonra kullan\u0131lmas\u0131n\u0131n t\u00fcm bu de\u011fi\u015fiklikleri kabul etti\u011finiz anlam\u0131na gelece\u011fini kabul edersiniz.<\/p>\n<p>Bu kullan\u0131m ko\u015fullar\u0131 en son 31 Temmuz 2020'de de\u011fi\u015ftirildi.<\/p>\n<h2>Genel Site Kullan\u0131m\u0131<\/h2>\n<p>Bu Web sitesini kullan\u0131rken ge\u00e7erli t\u00fcm yasa ve y\u00f6netmeliklere uymay\u0131 kabul edersiniz. Ayr\u0131ca, bunu yapmayaca\u011f\u0131n\u0131z\u0131 kabul edersiniz:<\/p>\n<p><strong>1:<\/strong>\u00a0Bu web sitesi arac\u0131l\u0131\u011f\u0131yla veya bu web sitesine herhangi bir i\u00e7erik y\u00fcklemek, yay\u0131nlamak veya ba\u015fka bir \u015fekilde iletmek:<br \/>\n- yasa d\u0131\u015f\u0131, k\u00fcf\u00fcrl\u00fc, tehdit edici, zararl\u0131, m\u00fcstehcen, a\u00e7\u0131k sa\u00e7\u0131k, sald\u0131rgan, karalay\u0131c\u0131 veya ba\u015fka bir \u015fekilde sak\u0131ncal\u0131;<br \/>\n- ba\u015fkalar\u0131n\u0131n fikri m\u00fclkiyet haklar\u0131n\u0131, gizlilik haklar\u0131n\u0131, tan\u0131t\u0131m haklar\u0131n\u0131 veya di\u011fer m\u00fclkiyet haklar\u0131n\u0131 ihlal edebilir;<br \/>\n- herhangi bir vir\u00fcs, truva at\u0131, saatli bomba veya di\u011fer zararl\u0131 programlar veya unsurlar i\u00e7ermez;<\/p>\n<p><strong>2:<\/strong>\u00a0Web sitemizin, bilgisayar sistemlerinin, sunucular\u0131n\u0131n veya a\u011flar\u0131n\u0131n herhangi bir b\u00f6l\u00fcm\u00fcn\u00fc kesintiye u\u011fratmak, makul olmayan y\u00fckler veya a\u015f\u0131r\u0131 y\u00fckler getirmek, bunlara m\u00fcdahale etmek veya bunlara yetkisiz eri\u015fim sa\u011flamaya \u00e7al\u0131\u015fmak;<\/p>\n<p><strong>3:<\/strong>\u00a0Bize kendiniz hakk\u0131nda yanl\u0131\u015f bilgi vermek, ba\u015fka bir ki\u015fiyi taklit etmek veya ba\u015fka bir \u015fekilde kimli\u011finiz veya herhangi bir i\u00e7eri\u011fin, mesaj\u0131n veya di\u011fer ileti\u015fimin kayna\u011f\u0131 hakk\u0131nda ba\u015fkalar\u0131n\u0131 yan\u0131ltmaya \u00e7al\u0131\u015fmak;<\/p>\n<p><strong>4:<\/strong>\u00a0\u00d6nemsiz posta, zincir mektuplar veya di\u011fer istenmeyen toplu e-posta veya yinelenen mesajlar iletmek;<\/p>\n<p><strong>5:<\/strong>\u00a0Web sitemizin di\u011fer ziyaret\u00e7ileri hakk\u0131nda r\u0131zalar\u0131 olmadan bilgi toplamak veya herhangi bir finansal veri veya e-posta adresi dahil ancak bunlarla s\u0131n\u0131rl\u0131 olmamak \u00fczere sistematik olarak veri veya veri alanlar\u0131 \u00e7\u0131karmak;<\/p>\n<p><strong>6:<\/strong>\u00a0Skydaz taraf\u0131ndan \u00f6zellikle yaz\u0131l\u0131 olarak izin verilmedik\u00e7e, bu web sitesinde yer alan, indirilen veya eri\u015filen herhangi bir i\u00e7erik dahil olmak \u00fczere bu web sitesine eri\u015fim veya bu web sitesinin kullan\u0131m\u0131n\u0131 satmak;<\/p>\n<p><strong>7:<\/strong>\u00a0Bas\u0131l\u0131 yay\u0131n, faks yay\u0131n\u0131, web sayfalar\u0131, e-posta, web haber gruplar\u0131 veya forumlar veya di\u011fer elektronik veya ka\u011f\u0131t tabanl\u0131 hizmetler veya y\u00f6ntemler dahil olmak \u00fczere, taraf\u0131m\u0131zdan sa\u011flanan veriler de dahil olmak \u00fczere herhangi bir i\u00e7eri\u011fi herhangi bir \u015fekilde yeniden da\u011f\u0131tmak;<\/p>\n<p><strong>8:<\/strong>\u00a0Site verilerinin taraf\u0131m\u0131zdan sa\u011fland\u0131\u011f\u0131 format\u0131 kas\u0131tl\u0131 olarak de\u011fi\u015ftirmek veya bu t\u00fcr verilere y\u00f6nelik d\u00fczenli aray\u00fczlerimizi ba\u015fka bir \u015fekilde atlatmak; ve<\/p>\n<p><strong>9:<\/strong>\u00a0Skydaz taraf\u0131ndan \u00f6zellikle yaz\u0131l\u0131 olarak izin verilmedi\u011fi s\u00fcrece, taraf\u0131m\u0131zdan sa\u011flanan herhangi bir site verisini herhangi bir bilgi hizmetine (web tabanl\u0131 olsun veya olmas\u0131n), veri dosyas\u0131na veya uygulama yaz\u0131l\u0131m\u0131na (b\u00f6l\u00fcm dizin sistemleri dahil ancak bunlarla s\u0131n\u0131rl\u0131 olmamak \u00fczere) g\u00f6mmek veya i\u00e7e aktarmak.<\/p>\n<p>Web sitemize herhangi bir i\u00e7erik y\u00fckleyerek, g\u00f6ndererek veya ba\u015fka bir \u015fekilde ileterek, bize, haleflerimize ve devralanlar\u0131m\u0131za, bu t\u00fcr i\u00e7eri\u011fi Gizlilik Politikam\u0131zda belirtilenler d\u0131\u015f\u0131nda herhangi bir \u015fekilde kullanmak veya da\u011f\u0131tmak i\u00e7in m\u00fcnhas\u0131r olmayan, d\u00fcnya \u00e7ap\u0131nda, telifsiz, kal\u0131c\u0131, geri al\u0131namaz bir lisans verirsiniz.<\/p>\n<h2>Site &amp; Forumlar<\/h2>\n<p>\u00dclkenizin, \"Skydaz \"\u0131n bar\u0131nd\u0131r\u0131ld\u0131\u011f\u0131 \u00fclkenin, ABD'nin veya Uluslararas\u0131 Yasalar\u0131n herhangi bir yasas\u0131n\u0131 ihlal edebilecek herhangi bir k\u00fcf\u00fcrl\u00fc, m\u00fcstehcen, kaba, iftira niteli\u011finde, nefret dolu, tehdit edici, cinsel y\u00f6nelimli veya di\u011fer materyalleri yay\u0131nlamamay\u0131 kabul edersiniz. Bunu yapman\u0131z, taraf\u0131m\u0131zca gerekli g\u00f6r\u00fclmesi halinde \u0130nternet Servis Sa\u011flay\u0131c\u0131n\u0131za bildirimde bulunularak derhal ve kal\u0131c\u0131 olarak yasaklanman\u0131za yol a\u00e7abilir. Bu ko\u015fullar\u0131n uygulanmas\u0131na yard\u0131mc\u0131 olmak i\u00e7in t\u00fcm g\u00f6nderilerin IP adresi kaydedilir. \"Skydaz \"\u0131n uygun g\u00f6rd\u00fc\u011f\u00fc herhangi bir zamanda herhangi bir konuyu kald\u0131rma, d\u00fczenleme, ta\u015f\u0131ma veya kapatma hakk\u0131na sahip oldu\u011funu kabul edersiniz. Bir kullan\u0131c\u0131 olarak, girdi\u011finiz t\u00fcm bilgilerin bir veritaban\u0131nda saklanmas\u0131n\u0131 kabul edersiniz. Bu bilgiler sizin izniniz olmadan herhangi bir \u00fc\u00e7\u00fcnc\u00fc tarafa if\u015fa edilmeyecek olsa da, ne \"Skydaz\" ne de WordPress, verilerin ele ge\u00e7irilmesine yol a\u00e7abilecek herhangi bir bilgisayar korsanl\u0131\u011f\u0131 giri\u015fiminden sorumlu tutulamaz.<\/p>\n<p>\"Skydaz \"a eri\u015ferek, a\u015fa\u011f\u0131daki \u015fartlarla yasal olarak ba\u011fl\u0131 olmay\u0131 kabul edersiniz. A\u015fa\u011f\u0131daki \u015fartlar\u0131n t\u00fcm\u00fcyle yasal olarak ba\u011fl\u0131 olmay\u0131 kabul etmiyorsan\u0131z, l\u00fctfen \"Skydaz \"a eri\u015fmeyin ve\/veya kullanmay\u0131n. Bunlar\u0131 herhangi bir zamanda de\u011fi\u015ftirebiliriz ve sizi bilgilendirmek i\u00e7in elimizden gelenin en iyisini yapaca\u011f\u0131z, ancak de\u011fi\u015fikliklerden sonra \"Skydaz\" \u0131 kullanmaya devam etmeniz, g\u00fcncellendik\u00e7e ve\/veya de\u011fi\u015ftirildik\u00e7e bu \u015fartlara yasal olarak ba\u011fl\u0131 kalmay\u0131 kabul etti\u011finiz anlam\u0131na geldi\u011finden, bunu d\u00fczenli olarak kendiniz g\u00f6zden ge\u00e7irmeniz ak\u0131ll\u0131ca olacakt\u0131r.<\/p>","protected":false},"excerpt":{"rendered":"<p>The information distributed in conjunction with this website is offered to you on your acceptance of these Terms of Use, our Privacy Policy and other notices posted on this website. [&hellip;]<\/p>","protected":false},"author":1,"featured_media":241,"parent":0,"menu_order":0,"comment_status":"closed","ping_status":"open","template":"","meta":[],"yoast_head":"<!-- This site is optimized with the Yoast SEO plugin v18.9 - https:\/\/yoast.com\/wordpress\/plugins\/seo\/ -->\n<title>Terms of Use<\/title>\n<meta name=\"description\" content=\"The information distributed in conjunction with this website is offered to you on your acceptance of these Terms of Use, our Privacy Policy and other notices posted on this website. Your use of any content presented in any and all areas of the website indicates your acknowledgment and agreement to these Terms of Use, our Privacy Policy and other notices posted on this website.\" \/>\n<meta name=\"robots\" content=\"index, follow, max-snippet:-1, max-image-preview:large, max-video-preview:-1\" \/>\n<link rel=\"canonical\" href=\"https:\/\/skydaz.com.tr\/tr\/terms-of-use\/\" \/>\n<meta property=\"og:locale\" content=\"tr_TR\" \/>\n<meta property=\"og:type\" content=\"article\" \/>\n<meta property=\"og:title\" content=\"Terms of Use\" \/>\n<meta property=\"og:description\" content=\"The information distributed in conjunction with this website is offered to you on your acceptance of these Terms of Use, our Privacy Policy and other notices posted on this website. Your use of any content presented in any and all areas of the website indicates your acknowledgment and agreement to these Terms of Use, our Privacy Policy and other notices posted on this website.\" \/>\n<meta property=\"og:url\" content=\"https:\/\/skydaz.com.tr\/tr\/terms-of-use\/\" \/>\n<meta property=\"og:site_name\" content=\"Skydaz\" \/>\n<meta property=\"article:publisher\" content=\"https:\/\/facebook.com\/BartuAbiHD\" \/>\n<meta property=\"article:modified_time\" content=\"2022-05-29T21:16:05+00:00\" \/>\n<meta property=\"og:image\" content=\"https:\/\/skydaz.com.tr\/wp-content\/uploads\/2022\/05\/Terms-of-Use.png\" \/>\n\t<meta property=\"og:image:width\" content=\"744\" \/>\n\t<meta property=\"og:image:height\" content=\"492\" \/>\n\t<meta property=\"og:image:type\" content=\"image\/png\" \/>\n<meta name=\"twitter:card\" content=\"summary_large_image\" \/>\n<meta name=\"twitter:site\" content=\"@skydazofficial\" \/>\n<meta name=\"twitter:label1\" content=\"Tahmini okuma s\u00fcresi\" \/>\n\t<meta name=\"twitter:data1\" content=\"4 dakika\" \/>\n<script type=\"application\/ld+json\" class=\"yoast-schema-graph\">{\"@context\":\"https:\/\/schema.org\",\"@graph\":[{\"@type\":[\"Person\",\"Organization\"],\"@id\":\"https:\/\/skydaz.com.tr\/tr\/#\/schema\/person\/f040c8a3cec8a380f6b5a33bbeeb86c9\",\"name\":\"BartuAbiHD\",\"image\":{\"@type\":\"ImageObject\",\"inLanguage\":\"tr\",\"@id\":\"https:\/\/skydaz.com.tr\/tr\/#\/schema\/person\/image\/\",\"url\":\"https:\/\/skydaz.com.tr\/wp-content\/uploads\/2020\/08\/bartuabihd-pp-115x115.png\",\"contentUrl\":\"https:\/\/skydaz.com.tr\/wp-content\/uploads\/2020\/08\/bartuabihd-pp-115x115.png\",\"caption\":\"BartuAbiHD\"},\"logo\":{\"@id\":\"https:\/\/skydaz.com.tr\/tr\/#\/schema\/person\/image\/\"},\"sameAs\":[\"https:\/\/facebook.com\/BartuAbiHD\",\"https:\/\/www.youtube.com\/channel\/UCHDqSqBMki-4LYZDcEK57Iw\"]},{\"@type\":\"WebSite\",\"@id\":\"https:\/\/skydaz.com.tr\/tr\/#website\",\"url\":\"https:\/\/skydaz.com.tr\/tr\/\",\"name\":\"Skydaz\",\"description\":\"Minecraft Installers, Tools, Mods, Maps &amp; Textures\",\"publisher\":{\"@id\":\"https:\/\/skydaz.com.tr\/tr\/#\/schema\/person\/f040c8a3cec8a380f6b5a33bbeeb86c9\"},\"potentialAction\":[{\"@type\":\"SearchAction\",\"target\":{\"@type\":\"EntryPoint\",\"urlTemplate\":\"https:\/\/skydaz.com.tr\/tr\/?s={search_term_string}\"},\"query-input\":\"required name=search_term_string\"}],\"inLanguage\":\"tr\"},{\"@type\":\"ImageObject\",\"inLanguage\":\"tr\",\"@id\":\"https:\/\/skydaz.com.tr\/terms-of-use\/#primaryimage\",\"url\":\"https:\/\/skydaz.com.tr\/wp-content\/uploads\/2022\/05\/Terms-of-Use.png\",\"contentUrl\":\"https:\/\/skydaz.com.tr\/wp-content\/uploads\/2022\/05\/Terms-of-Use.png\",\"width\":744,\"height\":492},{\"@type\":\"WebPage\",\"@id\":\"https:\/\/skydaz.com.tr\/terms-of-use\/#webpage\",\"url\":\"https:\/\/skydaz.com.tr\/terms-of-use\/\",\"name\":\"Terms of Use\",\"isPartOf\":{\"@id\":\"https:\/\/skydaz.com.tr\/tr\/#website\"},\"primaryImageOfPage\":{\"@id\":\"https:\/\/skydaz.com.tr\/terms-of-use\/#primaryimage\"},\"datePublished\":\"2020-07-31T16:33:59+00:00\",\"dateModified\":\"2022-05-29T21:16:05+00:00\",\"description\":\"The information distributed in conjunction with this website is offered to you on your acceptance of these Terms of Use, our Privacy Policy and other notices posted on this website. Your use of any content presented in any and all areas of the website indicates your acknowledgment and agreement to these Terms of Use, our Privacy Policy and other notices posted on this website.\",\"breadcrumb\":{\"@id\":\"https:\/\/skydaz.com.tr\/terms-of-use\/#breadcrumb\"},\"inLanguage\":\"tr\",\"potentialAction\":[{\"@type\":\"ReadAction\",\"target\":[\"https:\/\/skydaz.com.tr\/terms-of-use\/\"]}]},{\"@type\":\"BreadcrumbList\",\"@id\":\"https:\/\/skydaz.com.tr\/terms-of-use\/#breadcrumb\",\"itemListElement\":[{\"@type\":\"ListItem\",\"position\":1,\"name\":\"Anasayfa\",\"item\":\"https:\/\/skydaz.com.tr\/tr\/\"},{\"@type\":\"ListItem\",\"position\":2,\"name\":\"Terms of Use\"}]}]}<\/script>\n<!-- \/ Yoast SEO plugin. -->","yoast_head_json":{"title":"Terms of Use","description":"The information distributed in conjunction with this website is offered to you on your acceptance of these Terms of Use, our Privacy Policy and other notices posted on this website. Your use of any content presented in any and all areas of the website indicates your acknowledgment and agreement to these Terms of Use, our Privacy Policy and other notices posted on this website.","robots":{"index":"index","follow":"follow","max-snippet":"max-snippet:-1","max-image-preview":"max-image-preview:large","max-video-preview":"max-video-preview:-1"},"canonical":"https:\/\/skydaz.com.tr\/tr\/terms-of-use\/","og_locale":"tr_TR","og_type":"article","og_title":"Terms of Use","og_description":"The information distributed in conjunction with this website is offered to you on your acceptance of these Terms of Use, our Privacy Policy and other notices posted on this website. Your use of any content presented in any and all areas of the website indicates your acknowledgment and agreement to these Terms of Use, our Privacy Policy and other notices posted on this website.","og_url":"https:\/\/skydaz.com.tr\/tr\/terms-of-use\/","og_site_name":"Skydaz","article_publisher":"https:\/\/facebook.com\/BartuAbiHD","article_modified_time":"2022-05-29T21:16:05+00:00","og_image":[{"width":744,"height":492,"url":"https:\/\/skydaz.com.tr\/wp-content\/uploads\/2022\/05\/Terms-of-Use.png","type":"image\/png"}],"twitter_card":"summary_large_image","twitter_site":"@skydazofficial","twitter_misc":{"Tahmini okuma s\u00fcresi":"4 dakika"},"schema":{"@context":"https:\/\/schema.org","@graph":[{"@type":["Person","Organization"],"@id":"https:\/\/skydaz.com.tr\/tr\/#\/schema\/person\/f040c8a3cec8a380f6b5a33bbeeb86c9","name":"BartuAbiHD","image":{"@type":"ImageObject","inLanguage":"tr","@id":"https:\/\/skydaz.com.tr\/tr\/#\/schema\/person\/image\/","url":"https:\/\/skydaz.com.tr\/wp-content\/uploads\/2020\/08\/bartuabihd-pp-115x115.png","contentUrl":"https:\/\/skydaz.com.tr\/wp-content\/uploads\/2020\/08\/bartuabihd-pp-115x115.png","caption":"BartuAbiHD"},"logo":{"@id":"https:\/\/skydaz.com.tr\/tr\/#\/schema\/person\/image\/"},"sameAs":["https:\/\/facebook.com\/BartuAbiHD","https:\/\/www.youtube.com\/channel\/UCHDqSqBMki-4LYZDcEK57Iw"]},{"@type":"WebSite","@id":"https:\/\/skydaz.com.tr\/tr\/#website","url":"https:\/\/skydaz.com.tr\/tr\/","name":"Skydaz","description":"Minecraft Installers, Tools, Mods, Maps &amp; Textures","publisher":{"@id":"https:\/\/skydaz.com.tr\/tr\/#\/schema\/person\/f040c8a3cec8a380f6b5a33bbeeb86c9"},"potentialAction":[{"@type":"SearchAction","target":{"@type":"EntryPoint","urlTemplate":"https:\/\/skydaz.com.tr\/tr\/?s={search_term_string}"},"query-input":"required name=search_term_string"}],"inLanguage":"tr"},{"@type":"ImageObject","inLanguage":"tr","@id":"https:\/\/skydaz.com.tr\/terms-of-use\/#primaryimage","url":"https:\/\/skydaz.com.tr\/wp-content\/uploads\/2022\/05\/Terms-of-Use.png","contentUrl":"https:\/\/skydaz.com.tr\/wp-content\/uploads\/2022\/05\/Terms-of-Use.png","width":744,"height":492},{"@type":"WebPage","@id":"https:\/\/skydaz.com.tr\/terms-of-use\/#webpage","url":"https:\/\/skydaz.com.tr\/terms-of-use\/","name":"Terms of Use","isPartOf":{"@id":"https:\/\/skydaz.com.tr\/tr\/#website"},"primaryImageOfPage":{"@id":"https:\/\/skydaz.com.tr\/terms-of-use\/#primaryimage"},"datePublished":"2020-07-31T16:33:59+00:00","dateModified":"2022-05-29T21:16:05+00:00","description":"The information distributed in conjunction with this website is offered to you on your acceptance of these Terms of Use, our Privacy Policy and other notices posted on this website. Your use of any content presented in any and all areas of the website indicates your acknowledgment and agreement to these Terms of Use, our Privacy Policy and other notices posted on this website.","breadcrumb":{"@id":"https:\/\/skydaz.com.tr\/terms-of-use\/#breadcrumb"},"inLanguage":"tr","potentialAction":[{"@type":"ReadAction","target":["https:\/\/skydaz.com.tr\/terms-of-use\/"]}]},{"@type":"BreadcrumbList","@id":"https:\/\/skydaz.com.tr\/terms-of-use\/#breadcrumb","itemListElement":[{"@type":"ListItem","position":1,"name":"Anasayfa","item":"https:\/\/skydaz.com.tr\/tr\/"},{"@type":"ListItem","position":2,"name":"Terms of Use"}]}]}},"_links":{"self":[{"href":"https:\/\/skydaz.com.tr\/tr\/wp-json\/wp\/v2\/pages\/2"}],"collection":[{"href":"https:\/\/skydaz.com.tr\/tr\/wp-json\/wp\/v2\/pages"}],"about":[{"href":"https:\/\/skydaz.com.tr\/tr\/wp-json\/wp\/v2\/types\/page"}],"author":[{"embeddable":true,"href":"https:\/\/skydaz.com.tr\/tr\/wp-json\/wp\/v2\/users\/1"}],"replies":[{"embeddable":true,"href":"https:\/\/skydaz.com.tr\/tr\/wp-json\/wp\/v2\/comments?post=2"}],"version-history":[{"count":3,"href":"https:\/\/skydaz.com.tr\/tr\/wp-json\/wp\/v2\/pages\/2\/revisions"}],"predecessor-version":[{"id":102,"href":"https:\/\/skydaz.com.tr\/tr\/wp-json\/wp\/v2\/pages\/2\/revisions\/102"}],"wp:featuredmedia":[{"embeddable":true,"href":"https:\/\/skydaz.com.tr\/tr\/wp-json\/wp\/v2\/media\/241"}],"wp:attachment":[{"href":"https:\/\/skydaz.com.tr\/tr\/wp-json\/wp\/v2\/media?parent=2"}],"curies":[{"name":"wp","href":"https:\/\/api.w.org\/{rel}","templated":true}]}}